{"id":260,"date":"2022-04-21T18:37:25","date_gmt":"2022-04-21T18:37:25","guid":{"rendered":"https:\/\/staging.cmsa-ascv.ca\/?page_id=260"},"modified":"2022-04-21T18:42:09","modified_gmt":"2022-04-21T18:42:09","slug":"programme-de-bourses","status":"publish","type":"page","link":"https:\/\/staging.cmsa-ascv.ca\/?page_id=260","title":{"rendered":"Programme de bourses"},"content":{"rendered":"\n<div class=\"wp-block-columns is-layout-flex wp-container-core-columns-is-layout-9d6595d7 wp-block-columns-is-layout-flex\">\n<div class=\"wp-block-column is-layout-flow wp-block-column-is-layout-flow\">\n<p><strong>Graduate Scholarships<\/strong><\/p>\n\n\n\n<p>1) La bourse comm\u00e9morative Percy Gitelman, parrain\u00e9e conjointement par l\u2019Association scientifique canadienne de la viande (ASCV) et&nbsp;<a href=\"http:\/\/www.newlywedsfoods.com\/?lang=fr\" target=\"_blank\" rel=\"noreferrer noopener\">Newly Weds Foods, Inc.<\/a>&nbsp;(3 000 $)<\/p>\n\n\n\n<p>2) La bourse comm\u00e9morative Steve Morin, parrain\u00e9e par les membres associ\u00e9s du&nbsp;<a href=\"http:\/\/www.cmc-cvc.com\/fr\" target=\"_blank\" rel=\"noreferrer noopener\">Conseil des Viandes du Canada<\/a>&nbsp;(CVC). (3 000 $)<\/p>\n\n\n\n<p class=\"has-text-color\" style=\"color:#9c0d0d\"><em>Les r\u00e9cipiendaires de ces bourses seront appel\u00e9s \u00e0 faire une courte pr\u00e9sentation (15 minutes) de leur projet de recherche \u00e0 l\u2019occasion du symposium technique de l\u2019ASCV au congr\u00e8s annuel du Conseil des Viandes du Canada.<\/em><\/p>\n\n\n\n<p>3) La bourse de voyage pour ICoMST &#8211; b\u00e9n\u00e9vole de l\u2019ASCV-CVC est fournie par l\u2019ASCV et les membres associ\u00e9s du&nbsp;<a href=\"http:\/\/www.cmc-cvc.com\/fr\" target=\"_blank\" rel=\"noreferrer noopener\">CVC<\/a>. (2 000$)<\/p>\n\n\n\n<p class=\"has-text-color\" style=\"color:#9c0d0d\"><em>Le ou la r\u00e9cipiendaire de ce prix sera appel\u00e9 \u00e0 donner une pr\u00e9sentation orale ou pr\u00e9senter une affiche \u00e0 ICoMST ainsi que d\u2019\u00e9crire un rapport d\u00e9taill\u00e9 qui sera publi\u00e9 dans le Bulletin de l\u2019ASCV. Ce rapport devra inclure un r\u00e9cit de leur exp\u00e9rience \u00e0 ICoMST et un r\u00e9sum\u00e9 de la pr\u00e9sentation.<\/em><\/p>\n<\/div>\n\n\n\n<div class=\"wp-block-column is-layout-flow wp-block-column-is-layout-flow\">\n<p><strong>Undergraduate Scholarship<\/strong><\/p>\n\n\n\n<p>1. <\/p>\n\n\n\n<p>La bourse d\u2019\u00e9tudes de premier cycle&nbsp;<a href=\"http:\/\/rachisholm.com\/\" target=\"_blank\" rel=\"noreferrer noopener\">Ronald A. Chisholm<\/a>, parrain\u00e9e par Ronald A. Chisholm Lt\u00e9e, marchands internationaux d\u2019aliments depuis 1938. (2 500 $)<\/p>\n\n\n\n<p class=\"has-text-color\" style=\"color:#9c0d0d\"><em>Le r\u00e9cipiendaire de cette bourse devra \u00eatre pr\u00e9sent pour accepter sa r\u00e9compense \u00e0 l\u2019occasion du symposium technique de l\u2019ASCV au congr\u00e8s annuel du Conseil des Viandes du Canada.<\/em><\/p>\n<\/div>\n<\/div>\n\n\n\n<p><\/p>\n","protected":false},"excerpt":{"rendered":"<p>Graduate Scholarships 1) La bourse comm\u00e9morative Percy Gitelman, parrain\u00e9e conjointement par l\u2019Association scientifique canadienne de la viande (ASCV) et&nbsp;Newly Weds<\/p>\n","protected":false},"author":1,"featured_media":0,"parent":252,"menu_order":0,"comment_status":"closed","ping_status":"closed","template":"","meta":{"footnotes":""},"class_list":["post-260","page","type-page","status-publish","hentry","comments-off"],"_links":{"self":[{"href":"https:\/\/staging.cmsa-ascv.ca\/index.php?rest_route=\/wp\/v2\/pages\/260","targetHints":{"allow":["GET"]}}],"collection":[{"href":"https:\/\/staging.cmsa-ascv.ca\/index.php?rest_route=\/wp\/v2\/pages"}],"about":[{"href":"https:\/\/staging.cmsa-ascv.ca\/index.php?rest_route=\/wp\/v2\/types\/page"}],"author":[{"embeddable":true,"href":"https:\/\/staging.cmsa-ascv.ca\/index.php?rest_route=\/wp\/v2\/users\/1"}],"replies":[{"embeddable":true,"href":"https:\/\/staging.cmsa-ascv.ca\/index.php?rest_route=%2Fwp%2Fv2%2Fcomments&post=260"}],"version-history":[{"count":3,"href":"https:\/\/staging.cmsa-ascv.ca\/index.php?rest_route=\/wp\/v2\/pages\/260\/revisions"}],"predecessor-version":[{"id":263,"href":"https:\/\/staging.cmsa-ascv.ca\/index.php?rest_route=\/wp\/v2\/pages\/260\/revisions\/263"}],"up":[{"embeddable":true,"href":"https:\/\/staging.cmsa-ascv.ca\/index.php?rest_route=\/wp\/v2\/pages\/252"}],"wp:attachment":[{"href":"https:\/\/staging.cmsa-ascv.ca\/index.php?rest_route=%2Fwp%2Fv2%2Fmedia&parent=260"}],"curies":[{"name":"wp","href":"https:\/\/api.w.org\/{rel}","templated":true}]}}