{"id":239,"date":"2022-04-21T18:12:30","date_gmt":"2022-04-21T18:12:30","guid":{"rendered":"https:\/\/staging.cmsa-ascv.ca\/?page_id=239"},"modified":"2022-04-21T18:13:07","modified_gmt":"2022-04-21T18:13:07","slug":"avantages-reserves-aux-membres-de-lascv","status":"publish","type":"page","link":"https:\/\/staging.cmsa-ascv.ca\/?page_id=239","title":{"rendered":"Avantages r\u00e9serv\u00e9s aux membres de l\u2019ASCV"},"content":{"rendered":"\n<p>Voici quelques-uns des avantages dont profitent les membres de l\u2019ASCV:<\/p>\n\n\n\n<p><strong>R\u00c9SEAUTAGE<\/strong>&nbsp;\u2013 L\u2019ASCV offre \u00e0 ses membres des occasions de rencontrer d\u2019autres scientifiques \u0153uvrant dans le domaine de la viande au Canada et d\u2019autres membres de l\u2019industrie de la viande, ainsi que d\u2019\u00e9tablir des r\u00e9seaux.<\/p>\n\n\n\n<p><strong>R\u00c9PERTOIRE DES MEMBRES<\/strong>&nbsp;\u2013 Le r\u00e9pertoire annuel est une ressource tr\u00e8s utile qui donne rapidement et facilement acc\u00e8s aux canadiennes et canadiens qui s\u2019int\u00e9ressent \u00e0 la science de la viande.<\/p>\n\n\n\n<p><strong>BULLETIN D\u2019INFORMATION DE L\u2019ASCV<\/strong>&nbsp;\u2013 Publi\u00e9 quatre fois par ann\u00e9e et distribu\u00e9 uniquement aux membres de l\u2019ASCV. Le bulletin contient de l\u2019information sur les activit\u00e9s des autres membres, du secteur de la viande et de l\u2019ASCV. Les membres peuvent consulter les num\u00e9ros d\u00e9j\u00e0 publi\u00e9s (num\u00e9ros des trois derni\u00e8res ann\u00e9es). Vous trouverez ci joint un&nbsp;<a href=\"https:\/\/cmsa-ascv.ca\/documents\/CMSA%20March%202015.pdf\">exemple<\/a>&nbsp;de notre bulletin.<\/p>\n\n\n\n<p><strong>SYMPOSIUM TECHNIQUE ANNUEL<\/strong>&nbsp;\u2013 Les membres peuvent assister au symposium annuel sur la science et la technologie, qui est parrain\u00e9 conjointement par l\u2019ASCV et l\u2019Institut canadien de recherche sur la viande.<\/p>\n\n\n\n<p><strong>R\u00c9UNION ANNUELLE DE L\u2019ASCV<\/strong>&nbsp;\u2013 Se d\u00e9roule pendant la premi\u00e8re semaine de mai, en m\u00eame temps que la r\u00e9union annuelle du Conseil des viandes du Canada et que le Symposium technique de l\u2019ASCV. L\u2019ordre du jour, le proc\u00e8s verbal et les annonces concernant la r\u00e9union sont disponibles pour les membres.<\/p>\n\n\n\n<p><a href=\"https:\/\/cmsa-ascv.ca\/documents\/Corporate%20member%20benefits%20french.pdf\" target=\"_blank\" rel=\"noreferrer noopener\">Les entreprises ou organismes membres profitent d\u2019avantages suppl\u00e9mentaires<\/a><\/p>\n","protected":false},"excerpt":{"rendered":"<p>Voici quelques-uns des avantages dont profitent les membres de l\u2019ASCV: R\u00c9SEAUTAGE&nbsp;\u2013 L\u2019ASCV offre \u00e0 ses membres des occasions de rencontrer<\/p>\n","protected":false},"author":1,"featured_media":0,"parent":221,"menu_order":0,"comment_status":"closed","ping_status":"closed","template":"","meta":{"footnotes":""},"class_list":["post-239","page","type-page","status-publish","hentry","comments-off"],"_links":{"self":[{"href":"https:\/\/staging.cmsa-ascv.ca\/index.php?rest_route=\/wp\/v2\/pages\/239","targetHints":{"allow":["GET"]}}],"collection":[{"href":"https:\/\/staging.cmsa-ascv.ca\/index.php?rest_route=\/wp\/v2\/pages"}],"about":[{"href":"https:\/\/staging.cmsa-ascv.ca\/index.php?rest_route=\/wp\/v2\/types\/page"}],"author":[{"embeddable":true,"href":"https:\/\/staging.cmsa-ascv.ca\/index.php?rest_route=\/wp\/v2\/users\/1"}],"replies":[{"embeddable":true,"href":"https:\/\/staging.cmsa-ascv.ca\/index.php?rest_route=%2Fwp%2Fv2%2Fcomments&post=239"}],"version-history":[{"count":1,"href":"https:\/\/staging.cmsa-ascv.ca\/index.php?rest_route=\/wp\/v2\/pages\/239\/revisions"}],"predecessor-version":[{"id":240,"href":"https:\/\/staging.cmsa-ascv.ca\/index.php?rest_route=\/wp\/v2\/pages\/239\/revisions\/240"}],"up":[{"embeddable":true,"href":"https:\/\/staging.cmsa-ascv.ca\/index.php?rest_route=\/wp\/v2\/pages\/221"}],"wp:attachment":[{"href":"https:\/\/staging.cmsa-ascv.ca\/index.php?rest_route=%2Fwp%2Fv2%2Fmedia&parent=239"}],"curies":[{"name":"wp","href":"https:\/\/api.w.org\/{rel}","templated":true}]}}